{"id":3432,"date":"2016-01-04T15:58:16","date_gmt":"2016-01-04T20:58:16","guid":{"rendered":"http:\/\/navajopeople.org\/blog\/?page_id=3432"},"modified":"2016-01-04T15:59:44","modified_gmt":"2016-01-04T20:59:44","slug":"home","status":"publish","type":"page","link":"http:\/\/navajopeople.org\/blog\/home\/","title":{"rendered":"Home"},"content":{"rendered":"<div id=\"content\">\n<h2>Y\u00e1&#8217;\u00e1t&#8217;\u00e9\u00e9h! Welcome<\/h2>\n<p>This site is dedicated to keeping alive the culture, traditions, and beliefs of the<strong> Din\u00e9 <\/strong>(Navajo People) also referred to as <strong>Navajo &#8220;Indians&#8221;<\/strong> a name not used or liked by the People. The Navajo prefer to be called the <strong>&#8220;Din\u00e9&#8221;<\/strong> meaning <strong>\u201cThe People\u201d<\/strong> or<strong> \u201cChildren of the Holy People\u201d<\/strong>.<\/p>\n<p>You will also find information on Navajo<br \/>\nArt, Language,<br \/>\nHistory, Culture, Jewelry,<br \/>\nSand Painting, Rugs, Code Talkers, the Long Navajo Walk and<br \/>\nmany other subjects.<\/p>\n<p>The use of the word <strong>&#8220;Navaho&#8221;, and , &#8220;Navajo&#8221;<\/strong> are both used on this site.<br \/>\nSee why in this article: <a href=\"blog\/use-and-spelling-navaho-or-navajo\/\"><strong>Use and spelling Navaho or Navajo<\/strong><\/a><\/p>\n<h2><strong>What&#8217;s New: <\/strong><\/h2>\n<h2><a href=\"p:\/\/navajopeople.org\/blog\/western-navajo-fair\/\">Western Navajo Fair October 15 &#8211; 18, 2015<\/a><\/h2>\n<h2><a href=\"http:\/\/northernnavajonationfair.org\/\">Northern Navajo Nation Fair Events 2015<\/a><\/h2>\n<p><a href=\"http:\/\/northernnavajonationfair.org\/\"><strong>(The Shiprock Fair October 1-5, 2015)<\/strong><\/a><\/p>\n<h2><a href=\"http:\/\/navajopeople.org\/navajo-travel-guide.htm\">Navajo Travel Guide<\/a><\/h2>\n<p>Experience the natural wonders of Monument Valley Tribal Park, Canyon de Chelly, Four Corners and other National Monuments.<\/p>\n<h2><a title=\"\" href=\"http:\/\/navajopeople.org\/photos\/index.php\/Navajo-Nation-Fair\">Navajo Nation Fair Photos<\/a><\/h2>\n<p><img decoding=\"async\" src=\"http:\/\/navajopeople.org\/images\/Navajo%20Nation%20Fair%20Photos.jpg\" alt=\"Navajo Nation Fair Photos\" \/><\/p>\n<h2 align=\"center\"><strong><a href=\"http:\/\/navajopeople.org\/photos\/index.php\/\">Navajo People Photo Gallery<\/a><\/strong><\/h2>\n<table border=\"0\" width=\"100%\" cellpadding=\"9\">\n<tbody>\n<tr>\n<td align=\"left\" valign=\"top\" width=\"52%\"><strong>The Navajo Reservation<br \/>\n<\/strong><br \/>\nSituated in the northeastern portion of Arizona and in the northwestern part of New Mexico is the Navajo reservation.Now the largest Indian reservation in the United States, comprising as it does nearly ten million acres, or nearly fifteen thousand square miles.The Navajo reservation spans into northern Arizona, northwest New Mexico and southeast Utah.Being equal in size to the combined areas of Massachusetts, Connecticut, and Rhode Island.<\/p>\n<p>The home of the Navajo Indians has always been considered one of the most arid and barren portions of the Great American Desert.<\/p>\n<p>The average rainfall in this region is from ten to fourteen inches, and is usually confined to two short seasons.<\/p>\n<p>The valleys and lower levels are destitute of trees, save for the cottonwoods that fringe the banks of the arroyos and running streams, though the mesas.<\/p>\n<p>The mountains are fairly well covered with pinion, cedar, oak, juniper, white pine, and spruce.<\/p>\n<p>The elevation is from four to ten thousand feet above sea level, with an attendant climate unsuited to the luxuriant growth of vegetation.<\/td>\n<td width=\"48%\"><iframe loading=\"lazy\" style=\"border: none; overflow: hidden; width: 292px; height: 587px;\" src=\"http:\/\/www.facebook.com\/plugins\/likebox.php?href=http%3A%2F%2Fwww.facebook.com%2Fpages%2FNavajo-People%2F168908303133393&amp;width=292&amp;colorscheme=light&amp;connections=10&amp;stream=true&amp;header=true&amp;height=587\" width=\"300\" height=\"150\" frameborder=\"0\" scrolling=\"No\"><\/iframe><\/td>\n<\/tr>\n<\/tbody>\n<\/table>\n<p align=\"left\">The yucca, cactus, sage brush, gramma grass, and a few weeds and wild flowers are to be found in the valleys and on the lower plateaus, while much of the country is a barren waste with few running streams or springs and with little else to invite either man or beast.<br \/>\n<script src=\"http:\/\/feeds.feedburner.com\/NavajoPeopleBlog?format=sigpro\" type=\"text\/javascript\"><\/script><\/p>\n<\/div>\n","protected":false},"excerpt":{"rendered":"<p>Y\u00e1&#8217;\u00e1t&#8217;\u00e9\u00e9h! Welcome This site is dedicated to keeping alive the culture, traditions, and beliefs of the Din\u00e9 (Navajo People) also referred to as Navajo &#8220;Indians&#8221; a name not used or liked by the People. The Navajo prefer to be called the &#8220;Din\u00e9&#8221; meaning \u201cThe People\u201d or \u201cChildren of the Holy People\u201d. You will also find [&hellip;]<\/p>\n","protected":false},"author":2,"featured_media":0,"parent":0,"menu_order":0,"comment_status":"closed","ping_status":"closed","template":"","meta":{"footnotes":""},"class_list":["post-3432","page","type-page","status-publish","hentry","entry"],"_links":{"self":[{"href":"http:\/\/navajopeople.org\/blog\/wp-json\/wp\/v2\/pages\/3432","targetHints":{"allow":["GET"]}}],"collection":[{"href":"http:\/\/navajopeople.org\/blog\/wp-json\/wp\/v2\/pages"}],"about":[{"href":"http:\/\/navajopeople.org\/blog\/wp-json\/wp\/v2\/types\/page"}],"author":[{"embeddable":true,"href":"http:\/\/navajopeople.org\/blog\/wp-json\/wp\/v2\/users\/2"}],"replies":[{"embeddable":true,"href":"http:\/\/navajopeople.org\/blog\/wp-json\/wp\/v2\/comments?post=3432"}],"version-history":[{"count":2,"href":"http:\/\/navajopeople.org\/blog\/wp-json\/wp\/v2\/pages\/3432\/revisions"}],"predecessor-version":[{"id":3434,"href":"http:\/\/navajopeople.org\/blog\/wp-json\/wp\/v2\/pages\/3432\/revisions\/3434"}],"wp:attachment":[{"href":"http:\/\/navajopeople.org\/blog\/wp-json\/wp\/v2\/media?parent=3432"}],"curies":[{"name":"wp","href":"https:\/\/api.w.org\/{rel}","templated":true}]}}