{"id":3463,"date":"2016-01-04T17:06:33","date_gmt":"2016-01-04T22:06:33","guid":{"rendered":"http:\/\/navajopeople.org\/blog\/?page_id=3463"},"modified":"2016-01-04T17:06:33","modified_gmt":"2016-01-04T22:06:33","slug":"navajo-culture","status":"publish","type":"page","link":"http:\/\/navajopeople.org\/blog\/navajo-culture\/","title":{"rendered":"Navajo Culture"},"content":{"rendered":"<p><strong>Navajo Culture &#8211;<\/strong> The Navajo are people very geared toward family life and events that surround their lifestyle. Many games and traditions have emerged from their love of the land and their attachment to it.<\/p>\n<p>Long winter nights and the seclusion of the reservation has brought about most of the customs and activities used by the People to entertain and amuse themselves.<\/p>\n<h3>\nThe Navaho life is particularly rich in ceremony and ritual, second only to some of the Pueblo groups.Ceremonies<\/h3>\n<p>Note is made of nine of their great nine-day ceremonies for the treatment of ills, mental and physical.<\/p>\n<p>There are also many less important ceremonies occupying four days, two days, and one day in their performance.<\/p>\n<p>In these ceremonies many dry-paintings, or &#8220;sand altars,&#8221; are made, depicting the characters and incidents of myths.<\/p>\n<p>Almost every act of their life\u2014the building of the hog\u00e1n, the planting of crops, etc.\u2014is ceremonial in nature, each being attended with songs and prayers.<\/p>\n<p align=\"center\"><img loading=\"lazy\" decoding=\"async\" src=\"http:\/\/navajopeople.org\/images\/Navajo%20men%20at%20Yebichai%20sweat.jpg\" alt=\"Navajo men at Yebichai sweat\" width=\"640\" height=\"454\" \/><strong>Navajo men at Yebichai sweat<\/strong><\/p>\n<p align=\"left\">The Navaho life is particularly rich in ceremony and ritual, second only to some of the Pueblo groups. Note is made of nine of their great nine-day ceremonies for the treatment of ills, mental and physical.<\/p>\n<p align=\"left\">There are also many less important ceremonies occupying four days, two days, and one day in their performance. In these ceremonies many dry-paintings, or &#8220;sand altars,&#8221; are made, depicting the characters and incidents of myths.<\/p>\n<p align=\"left\">Almost every act of their life\u2014the building of the hog\u00e1n, the planting of crops, etc.\u2014is ceremonial in nature, each being attended with songs and prayers.<\/p>\n<p align=\"left\"><a href=\"http:\/\/navajopeople.org\/blog\/kinaalda-celebrating-maturity-of-girls-among-the-navajo\/\"><strong>Kinaalda<\/strong> \u2013 Celebrating maturity of girls among the Navajo<\/a><\/p>\n<p dir=\"ltr\"><strong>Sacred Mountains<\/strong><\/p>\n<ul>\n<li><a href=\"http:\/\/navajopeople.org\/blog\/huerfano-mesa-navajo-sacred-mountain\/\">Huerfano Mesa \u2013 Navajo Sacred Mountain<\/a><\/li>\n<li><a href=\"http:\/\/navajopeople.org\/blog\/gobernador-knob-navajo-sacred-mountain\/\">Gobernador Knob \u2013 Navajo Sacred Mountain<\/a><\/li>\n<li><a href=\"http:\/\/navajopeople.org\/blog\/mount-hesperus-navajo-sacred-mountain\/\">Mount Hesperus \u2013 Navajo Sacred Mountain<\/a><\/li>\n<li><a href=\"http:\/\/navajopeople.org\/blog\/san-francisco-peaks-navajo-sacred-mountain\/\">San Francisco Peaks \u2013 Navajo Sacred Mountain<\/a><\/li>\n<li><a href=\"http:\/\/navajopeople.org\/blog\/mount-taylor-tsoozil-navajo-sacred-mountain\/\">Mount Taylor (Tsoozil) Navajo Sacred Mountain<\/a><\/li>\n<li><a href=\"http:\/\/navajopeople.org\/blog\/mount-blanca-sisnaajini-navajo-sacred-mountain\/\">Mount Blanca (Sisnaajini) Navajo Sacred Mountain<\/a><\/li>\n<li><a href=\"http:\/\/navajopeople.org\/blog\/porcupine-dahsani-navajo-protector\/\">Porcupine (Dahs\u00e1ni) Navajo Protector<\/a><\/li>\n<li><a href=\"http:\/\/navajopeople.org\/blog\/cougar-nashdoitsoh-navajo-protector\/\">Cougar \u2013 N\u00e1shd\u00f3\u00edtsoh Navajo Protector<\/a><\/li>\n<li><a href=\"http:\/\/navajopeople.org\/blog\/gra-wolf-navajo-protector\/\">Gray Wolf Navajo Protector<\/a><\/li>\n<\/ul>\n<p dir=\"ltr\"><strong>Culture<\/strong><\/p>\n<ul>\n<li><a href=\"http:\/\/navajopeople.org\/blog\/navajo-home-hogans\/\">Navajo Home \u2013 Hogans or Hohrahn<\/a><\/li>\n<li><a href=\"http:\/\/navajopeople.org\/blog\/navajo-forced-education-mistake\/\">Navajo forced education mistake with photos<\/a><\/li>\n<li><a href=\"http:\/\/navajopeople.org\/blog\/kinaalda-celebrating-maturity-of-girls-among-the-navajo\/\">Kinaalda \u2013 Celebrating maturity of girls among the Navajo<\/a><\/li>\n<\/ul>\n<p dir=\"ltr\"><strong>Religion \u00a0\u00a0<\/strong><\/p>\n<ul>\n<li><a href=\"http:\/\/navajopeople.org\/blog\/navajo-religion-the-sweat-house-song\/\">Navajo Religion \u2013 The Sweat House Song<\/a><\/li>\n<li><a href=\"http:\/\/navajopeople.org\/blog\/navajo-religious-and-social-views\/\">Navajo Religious And Social Views<\/a><\/li>\n<li><a href=\"http:\/\/navajopeople.org\/blog\/navajo-clans-and-marriage-choices\/\">Navajo clans and marriage choices<\/a><\/li>\n<li><a href=\"http:\/\/navajopeople.org\/blog\/navajo-medicine-men-singers\/\">Navajo medicine-men (singers,hat\u00e1li)<\/a><\/li>\n<li><a href=\"http:\/\/navajopeople.org\/blog\/the-night-chant-the-yeibitchai-dance\/\">The Night Chant \u201cThe Yeibitchai Dance\u201d<\/a><\/li>\n<li><a href=\"http:\/\/navajopeople.org\/blog\/navajo-ceremonies-rites-of-the-mountain-chant\/\">Navajo ceremonies rites of the Mountain Chant<\/a><\/li>\n<\/ul>\n<p dir=\"ltr\"><strong>Ceremony \u00a0<\/strong><\/p>\n<ul>\n<li><a href=\"http:\/\/navajopeople.org\/blog\/navajo-symbolism-and-sand-painting-rites\/\">Navajo Symbolism and Sand Painting rites<\/a><\/li>\n<li><a href=\"http:\/\/navajopeople.org\/blog\/navajo-sandpainting-mountain-chant-ceremony-first-day\/\">Navajo Sandpainting Mountain Chant Ceremony First Day<\/a><\/li>\n<li><a href=\"http:\/\/navajopeople.org\/blog\/navajo-sandpainting-mountain-chant-ceremony-second-day\/\">Navajo Sandpainting Mountain Chant Ceremony Second Day<\/a><\/li>\n<li><a href=\"http:\/\/navajopeople.org\/blog\/navajo-sandpainting-mountain-chant-ceremony-third-day\/\">Navajo Sandpainting Mountain Chant Ceremony Third Day<\/a><\/li>\n<li><a href=\"http:\/\/navajopeople.org\/blog\/navajo-sandpainting-mountain-chant-ceremony-fourth-day\/\">Navajo Sandpainting Mountain Chant Ceremony Fourth Day<\/a><\/li>\n<\/ul>\n<p dir=\"ltr\"><strong>Books and Posters<\/strong><\/p>\n<p><a href=\"http:\/\/navajopeople.org\/blog\/the-legend-of-the-navajo-hero-twins\/\">The Legend of the Navajo Hero Twins Book Review<\/a><br \/>\n<a href=\"http:\/\/navajopeople.org\/blog\/changing-woman-protects-her-sons\/\">Changing Woman Protects Her Sons<\/a><br \/>\n<a href=\"http:\/\/navajopeople.org\/blog\/the-holy-beings-teach-the-navajo-twins-poster\/\">The Holy Beings Teach the Navajo Twins Poster<\/a><br \/>\n<a href=\"http:\/\/navajopeople.org\/blog\/navajo-winter-storytelling-poster\/\">Navajo Winter Storytelling Poster<\/a><br \/>\n<a href=\"http:\/\/navajopeople.org\/blog\/the-navajo-hero-twins-receive-their-weapons\/\">The Navajo Hero Twins Receive Their Weapons \u2013 Poster<\/a><br \/>\n<a href=\"http:\/\/navajopeople.org\/blog\/tsidil-navajo-stick-game\/\">Tsidil \u2013 Navajo Stick Game<\/a><br \/>\n<a href=\"http:\/\/navajopeople.org\/blog\/the-legend-of-the-horse-book\/\">Book Review of \u00a0\u201dThe Legend of the Horse\u201d<\/a><br \/>\n<a href=\"http:\/\/navajopeople.org\/blog\/legend-of-the-horse-poster\/\">Legend of the Horse Poster<\/a><br \/>\n<a href=\"http:\/\/navajopeople.org\/blog\/ke-dine-navajo-kinship-system\/\">K\u2019\u00e9 \u2013 Din\u00e9 (Navajo) Kinship System<\/a><\/p>\n","protected":false},"excerpt":{"rendered":"<p>Navajo Culture &#8211; The Navajo are people very geared toward family life and events that surround their lifestyle. Many games and traditions have emerged from their love of the land and their attachment to it. Long winter nights and the seclusion of the reservation has brought about most of the customs and activities used by [&hellip;]<\/p>\n","protected":false},"author":2,"featured_media":0,"parent":0,"menu_order":0,"comment_status":"closed","ping_status":"closed","template":"","meta":{"footnotes":""},"class_list":["post-3463","page","type-page","status-publish","hentry","entry"],"_links":{"self":[{"href":"http:\/\/navajopeople.org\/blog\/wp-json\/wp\/v2\/pages\/3463","targetHints":{"allow":["GET"]}}],"collection":[{"href":"http:\/\/navajopeople.org\/blog\/wp-json\/wp\/v2\/pages"}],"about":[{"href":"http:\/\/navajopeople.org\/blog\/wp-json\/wp\/v2\/types\/page"}],"author":[{"embeddable":true,"href":"http:\/\/navajopeople.org\/blog\/wp-json\/wp\/v2\/users\/2"}],"replies":[{"embeddable":true,"href":"http:\/\/navajopeople.org\/blog\/wp-json\/wp\/v2\/comments?post=3463"}],"version-history":[{"count":1,"href":"http:\/\/navajopeople.org\/blog\/wp-json\/wp\/v2\/pages\/3463\/revisions"}],"predecessor-version":[{"id":3464,"href":"http:\/\/navajopeople.org\/blog\/wp-json\/wp\/v2\/pages\/3463\/revisions\/3464"}],"wp:attachment":[{"href":"http:\/\/navajopeople.org\/blog\/wp-json\/wp\/v2\/media?parent=3463"}],"curies":[{"name":"wp","href":"https:\/\/api.w.org\/{rel}","templated":true}]}}